{"id":998,"date":"2021-06-12T23:27:53","date_gmt":"2021-06-12T21:27:53","guid":{"rendered":"http:\/\/vairondesign.peweb.ro\/?post_type=product&#038;p=998"},"modified":"2021-06-14T21:44:33","modified_gmt":"2021-06-14T19:44:33","slug":"002","status":"publish","type":"product","link":"https:\/\/vairondesign.peweb.ro\/index.php\/hu\/product\/002\/","title":{"rendered":"002 &#8211; Aldo M vir\u00e1gtart\u00f3 \u00e1llv\u00e1ny"},"content":{"rendered":"","protected":false},"excerpt":{"rendered":"<p>Eleg\u00e1ns megjelen\u00e9s\u0171, egyszer\u0171 \u00e9s minimalista st\u00edlus\u00fa \u00e1llv\u00e1ny, a nappalija\/f\u00fcrd\u0151szob\u00e1ja d\u00edsze lehet. Helyezzen el benne vir\u00e1gokat \u00e9s alkosson egy st\u00edlusos dekor\u00e1ci\u00f3t, amelyet minden l\u00e1togat\u00f3 irigyelni fog.<\/p>\n<p>&nbsp;<\/p>\n","protected":false},"featured_media":999,"comment_status":"open","ping_status":"closed","template":"","meta":[],"product_cat":[213],"product_tag":[],"_links":{"self":[{"href":"https:\/\/vairondesign.peweb.ro\/index.php\/wp-json\/wp\/v2\/product\/998"}],"collection":[{"href":"https:\/\/vairondesign.peweb.ro\/index.php\/wp-json\/wp\/v2\/product"}],"about":[{"href":"https:\/\/vairondesign.peweb.ro\/index.php\/wp-json\/wp\/v2\/types\/product"}],"replies":[{"embeddable":true,"href":"https:\/\/vairondesign.peweb.ro\/index.php\/wp-json\/wp\/v2\/comments?post=998"}],"wp:featuredmedia":[{"embeddable":true,"href":"https:\/\/vairondesign.peweb.ro\/index.php\/wp-json\/wp\/v2\/media\/999"}],"wp:attachment":[{"href":"https:\/\/vairondesign.peweb.ro\/index.php\/wp-json\/wp\/v2\/media?parent=998"}],"wp:term":[{"taxonomy":"product_cat","embeddable":true,"href":"https:\/\/vairondesign.peweb.ro\/index.php\/wp-json\/wp\/v2\/product_cat?post=998"},{"taxonomy":"product_tag","embeddable":true,"href":"https:\/\/vairondesign.peweb.ro\/index.php\/wp-json\/wp\/v2\/product_tag?post=998"}],"curies":[{"name":"wp","href":"https:\/\/api.w.org\/{rel}","templated":true}]}}