{"id":1386,"date":"2021-07-01T15:20:23","date_gmt":"2021-07-01T13:20:23","guid":{"rendered":"http:\/\/vairondesign.peweb.ro\/?post_type=product&#038;p=1386"},"modified":"2021-07-01T15:20:24","modified_gmt":"2021-07-01T13:20:24","slug":"013-cicero-dohanyzoasztal","status":"publish","type":"product","link":"https:\/\/vairondesign.peweb.ro\/index.php\/hu\/product\/013-cicero-dohanyzoasztal\/","title":{"rendered":"013 &#8211; Cicero doh\u00e1nyz\u00f3asztal"},"content":{"rendered":"","protected":false},"excerpt":{"rendered":"<p>A Cicero\u00a0doh\u00e1nyz\u00f3asztal eleg\u00e1ns megjelen\u00e9s\u0171, egyszer\u0171 st\u00edlus\u00fa. \u00a0K\u00f6nnyen\u00a0integr\u00e1lhat\u00f3 mind a minimalista \/ modern, mind pedig a klasszikus bels\u0151\u00e9p\u00edt\u00e9szetbe. \u00a0A t\u00f6lgyf\u00e1val furn\u00e9rozott asztallapot letisztult f\u00e9m keret t\u00e1masztja al\u00e1.<\/p>\n<p>&nbsp;<\/p>\n","protected":false},"featured_media":1387,"comment_status":"open","ping_status":"closed","template":"","meta":[],"product_cat":[334],"product_tag":[],"_links":{"self":[{"href":"https:\/\/vairondesign.peweb.ro\/index.php\/wp-json\/wp\/v2\/product\/1386"}],"collection":[{"href":"https:\/\/vairondesign.peweb.ro\/index.php\/wp-json\/wp\/v2\/product"}],"about":[{"href":"https:\/\/vairondesign.peweb.ro\/index.php\/wp-json\/wp\/v2\/types\/product"}],"replies":[{"embeddable":true,"href":"https:\/\/vairondesign.peweb.ro\/index.php\/wp-json\/wp\/v2\/comments?post=1386"}],"wp:featuredmedia":[{"embeddable":true,"href":"https:\/\/vairondesign.peweb.ro\/index.php\/wp-json\/wp\/v2\/media\/1387"}],"wp:attachment":[{"href":"https:\/\/vairondesign.peweb.ro\/index.php\/wp-json\/wp\/v2\/media?parent=1386"}],"wp:term":[{"taxonomy":"product_cat","embeddable":true,"href":"https:\/\/vairondesign.peweb.ro\/index.php\/wp-json\/wp\/v2\/product_cat?post=1386"},{"taxonomy":"product_tag","embeddable":true,"href":"https:\/\/vairondesign.peweb.ro\/index.php\/wp-json\/wp\/v2\/product_tag?post=1386"}],"curies":[{"name":"wp","href":"https:\/\/api.w.org\/{rel}","templated":true}]}}