{"id":1355,"date":"2021-07-01T10:25:24","date_gmt":"2021-07-01T08:25:24","guid":{"rendered":"http:\/\/vairondesign.peweb.ro\/?post_type=product&#038;p=1355"},"modified":"2021-07-01T13:27:23","modified_gmt":"2021-07-01T11:27:23","slug":"011-enzo-viragtarto-allvany-kisasztal","status":"publish","type":"product","link":"https:\/\/vairondesign.peweb.ro\/index.php\/hu\/product\/011-enzo-viragtarto-allvany-kisasztal\/","title":{"rendered":"011 &#8211; Enzo  vir\u00e1gtart\u00f3 \u00e1llv\u00e1ny\/kisasztal"},"content":{"rendered":"","protected":false},"excerpt":{"rendered":"<p>Gy\u00f6ny\u00f6r\u0171, eleg\u00e1ns megjelen\u00e9s\u0171, egyszer\u0171 \u00e9s minimalista st\u00edlus\u00fa fekete asztal. Ac\u00e9l kerete \u00e9s k\u00e9t k\u00f6nny\u0171 lapja biztos t\u00e1maszt\u00e9kot ny\u00fajt, ak\u00e1r\u00a0a fels\u0151, ak\u00e1r az als\u00f3 polc\u00e1ra pakol.<\/p>\n<p>T\u00f6bb funkci\u00f3s asztalk\u00e9nt haszn\u00e1lhat\u00f3. Ide\u00e1lis el\u0151szob\u00e1ba, nappaliba, \u00a0vir\u00e1gok vagy ak\u00e1r dekor\u00e1ci\u00f3 t\u00e1rol\u00e1s\u00e1ra is.<\/p>\n","protected":false},"featured_media":1342,"comment_status":"open","ping_status":"closed","template":"","meta":[],"product_cat":[334,213],"product_tag":[],"_links":{"self":[{"href":"https:\/\/vairondesign.peweb.ro\/index.php\/wp-json\/wp\/v2\/product\/1355"}],"collection":[{"href":"https:\/\/vairondesign.peweb.ro\/index.php\/wp-json\/wp\/v2\/product"}],"about":[{"href":"https:\/\/vairondesign.peweb.ro\/index.php\/wp-json\/wp\/v2\/types\/product"}],"replies":[{"embeddable":true,"href":"https:\/\/vairondesign.peweb.ro\/index.php\/wp-json\/wp\/v2\/comments?post=1355"}],"wp:featuredmedia":[{"embeddable":true,"href":"https:\/\/vairondesign.peweb.ro\/index.php\/wp-json\/wp\/v2\/media\/1342"}],"wp:attachment":[{"href":"https:\/\/vairondesign.peweb.ro\/index.php\/wp-json\/wp\/v2\/media?parent=1355"}],"wp:term":[{"taxonomy":"product_cat","embeddable":true,"href":"https:\/\/vairondesign.peweb.ro\/index.php\/wp-json\/wp\/v2\/product_cat?post=1355"},{"taxonomy":"product_tag","embeddable":true,"href":"https:\/\/vairondesign.peweb.ro\/index.php\/wp-json\/wp\/v2\/product_tag?post=1355"}],"curies":[{"name":"wp","href":"https:\/\/api.w.org\/{rel}","templated":true}]}}