{"id":1330,"date":"2021-07-01T10:22:08","date_gmt":"2021-07-01T08:22:08","guid":{"rendered":"http:\/\/vairondesign.peweb.ro\/?post_type=product&#038;p=1330"},"modified":"2021-07-01T10:22:09","modified_gmt":"2021-07-01T08:22:09","slug":"009-figo-viragtarto-allvany-kisasztal","status":"publish","type":"product","link":"https:\/\/vairondesign.peweb.ro\/index.php\/hu\/product\/009-figo-viragtarto-allvany-kisasztal\/","title":{"rendered":"009 &#8211; Figo vir\u00e1gtart\u00f3 \u00e1llv\u00e1ny\/kisasztal"},"content":{"rendered":"","protected":false},"excerpt":{"rendered":"<p>Eleg\u00e1ns megjelen\u00e9s\u0171, egyszer\u0171 \u00e9s minimalista st\u00edlus\u00fa \u00e1llv\u00e1ny, mely az otthona d\u00edsze lehet. Helyezzen el rajta \u00a0vir\u00e1gokat \u00e9s alkosson egy st\u00edlusos dekor\u00e1ci\u00f3t, amelyet minden l\u00e1togat\u00f3 irigyelni fog.<\/p>\n<p>Esk\u00fcv\u0151k, k\u00fcl\u00f6nb\u00f6z\u0151 esem\u00e9nyek dekor\u00e1l\u00e1s\u00e1hoz is t\u00f6k\u00e9letesen megfelel\u0151.<\/p>\n","protected":false},"featured_media":1331,"comment_status":"open","ping_status":"closed","template":"","meta":[],"product_cat":[334,213],"product_tag":[],"_links":{"self":[{"href":"https:\/\/vairondesign.peweb.ro\/index.php\/wp-json\/wp\/v2\/product\/1330"}],"collection":[{"href":"https:\/\/vairondesign.peweb.ro\/index.php\/wp-json\/wp\/v2\/product"}],"about":[{"href":"https:\/\/vairondesign.peweb.ro\/index.php\/wp-json\/wp\/v2\/types\/product"}],"replies":[{"embeddable":true,"href":"https:\/\/vairondesign.peweb.ro\/index.php\/wp-json\/wp\/v2\/comments?post=1330"}],"wp:featuredmedia":[{"embeddable":true,"href":"https:\/\/vairondesign.peweb.ro\/index.php\/wp-json\/wp\/v2\/media\/1331"}],"wp:attachment":[{"href":"https:\/\/vairondesign.peweb.ro\/index.php\/wp-json\/wp\/v2\/media?parent=1330"}],"wp:term":[{"taxonomy":"product_cat","embeddable":true,"href":"https:\/\/vairondesign.peweb.ro\/index.php\/wp-json\/wp\/v2\/product_cat?post=1330"},{"taxonomy":"product_tag","embeddable":true,"href":"https:\/\/vairondesign.peweb.ro\/index.php\/wp-json\/wp\/v2\/product_tag?post=1330"}],"curies":[{"name":"wp","href":"https:\/\/api.w.org\/{rel}","templated":true}]}}