{"id":1327,"date":"2021-07-01T10:00:18","date_gmt":"2021-07-01T08:00:18","guid":{"rendered":"http:\/\/vairondesign.peweb.ro\/?post_type=product&#038;p=1327"},"modified":"2021-07-01T10:16:56","modified_gmt":"2021-07-01T08:16:56","slug":"020-kozi-wc-kefe-es-papir-tarto","status":"publish","type":"product","link":"https:\/\/vairondesign.peweb.ro\/index.php\/hu\/product\/020-kozi-wc-kefe-es-papir-tarto\/","title":{"rendered":"020 &#8211; Kozi Wc kefe \u00e9s  pap\u00edr tart\u00f3"},"content":{"rendered":"","protected":false},"excerpt":{"rendered":"<p>A praktikus \u00e9s eleg\u00e1ns szett t\u00f6k\u00e9letes v\u00e1laszt\u00e1s a mell\u00e9khelyis\u00e9g\u00e9be. A WC-pap\u00edr tart\u00f3 rozsdamentes ac\u00e9l \u00fctk\u00f6z\u0151vel van felszerelve, hogy megakad\u00e1lyozza a tekercs cs\u00fasz\u00e1s\u00e1t.<\/p>\n<p>A szett kiv\u00e1l\u00f3 min\u0151s\u00e9g\u0171 por\u00edtott ac\u00e9lb\u00f3l k\u00e9sz\u00fclt. A \u00a0WC kefe tart\u00e1ly kivehet\u0151, \u00edgy\u00a0higi\u00e9niailag mindig t\u00f6k\u00e9letes \u00e1llapotban tarthat\u00f3. Tartsa tiszt\u00e1n a WC-j\u00e9t st\u00edlusosan!<\/p>\n","protected":false},"featured_media":917,"comment_status":"open","ping_status":"closed","template":"","meta":[],"product_cat":[332],"product_tag":[],"_links":{"self":[{"href":"https:\/\/vairondesign.peweb.ro\/index.php\/wp-json\/wp\/v2\/product\/1327"}],"collection":[{"href":"https:\/\/vairondesign.peweb.ro\/index.php\/wp-json\/wp\/v2\/product"}],"about":[{"href":"https:\/\/vairondesign.peweb.ro\/index.php\/wp-json\/wp\/v2\/types\/product"}],"replies":[{"embeddable":true,"href":"https:\/\/vairondesign.peweb.ro\/index.php\/wp-json\/wp\/v2\/comments?post=1327"}],"wp:featuredmedia":[{"embeddable":true,"href":"https:\/\/vairondesign.peweb.ro\/index.php\/wp-json\/wp\/v2\/media\/917"}],"wp:attachment":[{"href":"https:\/\/vairondesign.peweb.ro\/index.php\/wp-json\/wp\/v2\/media?parent=1327"}],"wp:term":[{"taxonomy":"product_cat","embeddable":true,"href":"https:\/\/vairondesign.peweb.ro\/index.php\/wp-json\/wp\/v2\/product_cat?post=1327"},{"taxonomy":"product_tag","embeddable":true,"href":"https:\/\/vairondesign.peweb.ro\/index.php\/wp-json\/wp\/v2\/product_tag?post=1327"}],"curies":[{"name":"wp","href":"https:\/\/api.w.org\/{rel}","templated":true}]}}