{"id":1294,"date":"2021-06-30T23:25:30","date_gmt":"2021-06-30T21:25:30","guid":{"rendered":"http:\/\/vairondesign.peweb.ro\/?post_type=product&#038;p=1294"},"modified":"2021-06-30T23:33:14","modified_gmt":"2021-06-30T21:33:14","slug":"018-hopi-torolkozotarto-karika","status":"publish","type":"product","link":"https:\/\/vairondesign.peweb.ro\/index.php\/hu\/product\/018-hopi-torolkozotarto-karika\/","title":{"rendered":"018 &#8211; Hopi t\u00f6r\u00f6lk\u00f6z\u0151tart\u00f3 karika"},"content":{"rendered":"","protected":false},"excerpt":{"rendered":"<p style=\"text-align: left;\">Hopi falra szerelhet\u0151 kerek t\u00f6r\u00f6lk\u00f6z\u0151tart\u00f3 karik\u00e1val praktikusabb\u00e1, k\u00e9nyelmesebb\u00e9, \u00e9s nem utols\u00f3 sorban modernebb megjelen\u00e9s\u0171v\u00e9 var\u00e1zsolhatja f\u00fcrd\u0151szob\u00e1j\u00e1t. Helytakar\u00e9kos megold\u00e1st k\u00edn\u00e1l.<br \/>\nK\u00f6lt\u00f6zz\u00f6n a st\u00edlus \u00e9s a k\u00e9nyelem egyszerre a f\u00fcrd\u0151szob\u00e1j\u00e1ba!<\/p>\n<p>A csomag a felszerel\u00e9shez sz\u00fcks\u00e9ges kieg\u00e9sz\u00edt\u0151ket tartalmazza.<\/p>\n","protected":false},"featured_media":1295,"comment_status":"open","ping_status":"closed","template":"","meta":[],"product_cat":[332],"product_tag":[],"_links":{"self":[{"href":"https:\/\/vairondesign.peweb.ro\/index.php\/wp-json\/wp\/v2\/product\/1294"}],"collection":[{"href":"https:\/\/vairondesign.peweb.ro\/index.php\/wp-json\/wp\/v2\/product"}],"about":[{"href":"https:\/\/vairondesign.peweb.ro\/index.php\/wp-json\/wp\/v2\/types\/product"}],"replies":[{"embeddable":true,"href":"https:\/\/vairondesign.peweb.ro\/index.php\/wp-json\/wp\/v2\/comments?post=1294"}],"wp:featuredmedia":[{"embeddable":true,"href":"https:\/\/vairondesign.peweb.ro\/index.php\/wp-json\/wp\/v2\/media\/1295"}],"wp:attachment":[{"href":"https:\/\/vairondesign.peweb.ro\/index.php\/wp-json\/wp\/v2\/media?parent=1294"}],"wp:term":[{"taxonomy":"product_cat","embeddable":true,"href":"https:\/\/vairondesign.peweb.ro\/index.php\/wp-json\/wp\/v2\/product_cat?post=1294"},{"taxonomy":"product_tag","embeddable":true,"href":"https:\/\/vairondesign.peweb.ro\/index.php\/wp-json\/wp\/v2\/product_tag?post=1294"}],"curies":[{"name":"wp","href":"https:\/\/api.w.org\/{rel}","templated":true}]}}