{"id":1277,"date":"2021-06-29T15:16:29","date_gmt":"2021-06-29T13:16:29","guid":{"rendered":"http:\/\/vairondesign.peweb.ro\/?post_type=product&#038;p=1277"},"modified":"2021-06-29T15:16:30","modified_gmt":"2021-06-29T13:16:30","slug":"014-akela-torolkozotarto-allvany","status":"publish","type":"product","link":"https:\/\/vairondesign.peweb.ro\/index.php\/hu\/product\/014-akela-torolkozotarto-allvany\/","title":{"rendered":"014 &#8211; Akela t\u00f6r\u00f6lk\u00f6z\u0151tart\u00f3 \u00e1llv\u00e1ny"},"content":{"rendered":"","protected":false},"excerpt":{"rendered":"<p>Akela 3 r\u00e9szes t\u00f6r\u00f6lk\u00f6z\u0151tart\u00f3 \u00e1llv\u00e1ny fekete sz\u00ednben,\u00a0egyszer\u0171 \u00e9s \u00f6tletes megold\u00e1s a f\u00fcrd\u0151szob\u00e1ban a t\u00f6r\u00f6lk\u00f6z\u0151k t\u00e1rol\u00e1s\u00e1ra. Mark\u00e1ns sz\u00f6gletes vonalvezet\u00e9s\u0171, modern \u00e9s eleg\u00e1ns seg\u00e9deszk\u00f6z a f\u00fcrd\u0151ben.<\/p>\n<p>Az \u00e1llv\u00e1ny k\u00e9t elt\u00e9r\u0151 magass\u00e1g\u00fa karja sok helyet k\u00edn\u00e1l a t\u00f6r\u00f6lk\u00f6z\u0151knek, f\u00fcrd\u0151leped\u0151knek \u00e9s zuhanykend\u0151knek, vagy ruhadaraboknak.<\/p>\n<p>Nincs sz\u00fcks\u00e9g f\u00far\u00e1sra, farag\u00e1sra, csavaroz\u00e1sra: a tart\u00f3 a saj\u00e1t l\u00e1b\u00e1n \u00e1ll.<\/p>\n","protected":false},"featured_media":1278,"comment_status":"open","ping_status":"closed","template":"","meta":[],"product_cat":[332],"product_tag":[],"_links":{"self":[{"href":"https:\/\/vairondesign.peweb.ro\/index.php\/wp-json\/wp\/v2\/product\/1277"}],"collection":[{"href":"https:\/\/vairondesign.peweb.ro\/index.php\/wp-json\/wp\/v2\/product"}],"about":[{"href":"https:\/\/vairondesign.peweb.ro\/index.php\/wp-json\/wp\/v2\/types\/product"}],"replies":[{"embeddable":true,"href":"https:\/\/vairondesign.peweb.ro\/index.php\/wp-json\/wp\/v2\/comments?post=1277"}],"wp:featuredmedia":[{"embeddable":true,"href":"https:\/\/vairondesign.peweb.ro\/index.php\/wp-json\/wp\/v2\/media\/1278"}],"wp:attachment":[{"href":"https:\/\/vairondesign.peweb.ro\/index.php\/wp-json\/wp\/v2\/media?parent=1277"}],"wp:term":[{"taxonomy":"product_cat","embeddable":true,"href":"https:\/\/vairondesign.peweb.ro\/index.php\/wp-json\/wp\/v2\/product_cat?post=1277"},{"taxonomy":"product_tag","embeddable":true,"href":"https:\/\/vairondesign.peweb.ro\/index.php\/wp-json\/wp\/v2\/product_tag?post=1277"}],"curies":[{"name":"wp","href":"https:\/\/api.w.org\/{rel}","templated":true}]}}