{"id":1174,"date":"2021-06-28T14:01:54","date_gmt":"2021-06-28T12:01:54","guid":{"rendered":"http:\/\/vairondesign.peweb.ro\/?post_type=product&#038;p=1174"},"modified":"2021-06-28T14:01:55","modified_gmt":"2021-06-28T12:01:55","slug":"013-masa-de-cafea-cicero","status":"publish","type":"product","link":"https:\/\/vairondesign.peweb.ro\/index.php\/ro\/product\/013-masa-de-cafea-cicero\/","title":{"rendered":"013 &#8211; Mas\u0103 de cafea Cicero"},"content":{"rendered":"","protected":false},"excerpt":{"rendered":"<p class=\"s3\">\n<p class=\"s3\"><span class=\"s2\">Mas\u0103<\/span><span class=\"s2\"> de <\/span><span class=\"s2\">cafea<\/span><span class=\"s2\"> Cicero d<\/span><span class=\"s2\">in <\/span><span class=\"s2\">stejar<\/span> <span class=\"s2\">dreptunghiular<\/span><span class=\"s2\">, <\/span><span class=\"s2\">m\u0103su\u021b\u0103<\/span><span class=\"s2\"> de <\/span><span class=\"s2\">cafea<\/span><span class=\"s2\">simpl\u0103<\/span><span class=\"s2\">, <\/span><span class=\"s2\">dar<\/span> <span class=\"s2\">elegant\u0103<\/span><span class=\"s2\">, <\/span><span class=\"s2\">va<\/span> <span class=\"s2\">impresiona<\/span><span class=\"s2\"> cu <\/span><span class=\"s2\">siguran\u021b\u0103<\/span> <span class=\"s2\">orice<\/span><span class=\"s2\"> decor <\/span><span class=\"s2\">pentru<\/span> <span class=\"s2\">cas\u0103<\/span><span class=\"s2\">. <\/span><span class=\"s2\">Finisat \u00een stejar cu cadru din metal negru, linii minime. Aceast\u0103 m\u0103su\u021b\u0103 de form\u0103 dreptunghiular\u0103 \u00ee\u021bi umple camera cu o aten\u021bie deosebit\u0103 la detalii.<\/span><\/p>\n","protected":false},"featured_media":1175,"comment_status":"open","ping_status":"closed","template":"","meta":[],"product_cat":[222],"product_tag":[],"_links":{"self":[{"href":"https:\/\/vairondesign.peweb.ro\/index.php\/wp-json\/wp\/v2\/product\/1174"}],"collection":[{"href":"https:\/\/vairondesign.peweb.ro\/index.php\/wp-json\/wp\/v2\/product"}],"about":[{"href":"https:\/\/vairondesign.peweb.ro\/index.php\/wp-json\/wp\/v2\/types\/product"}],"replies":[{"embeddable":true,"href":"https:\/\/vairondesign.peweb.ro\/index.php\/wp-json\/wp\/v2\/comments?post=1174"}],"wp:featuredmedia":[{"embeddable":true,"href":"https:\/\/vairondesign.peweb.ro\/index.php\/wp-json\/wp\/v2\/media\/1175"}],"wp:attachment":[{"href":"https:\/\/vairondesign.peweb.ro\/index.php\/wp-json\/wp\/v2\/media?parent=1174"}],"wp:term":[{"taxonomy":"product_cat","embeddable":true,"href":"https:\/\/vairondesign.peweb.ro\/index.php\/wp-json\/wp\/v2\/product_cat?post=1174"},{"taxonomy":"product_tag","embeddable":true,"href":"https:\/\/vairondesign.peweb.ro\/index.php\/wp-json\/wp\/v2\/product_tag?post=1174"}],"curies":[{"name":"wp","href":"https:\/\/api.w.org\/{rel}","templated":true}]}}