{"id":1010,"date":"2021-06-14T21:03:26","date_gmt":"2021-06-14T19:03:26","guid":{"rendered":"http:\/\/vairondesign.peweb.ro\/?post_type=product&#038;p=1010"},"modified":"2021-06-14T21:40:42","modified_gmt":"2021-06-14T19:40:42","slug":"010-stand-de-plante-cu-4-niveluri-hugo","status":"publish","type":"product","link":"https:\/\/vairondesign.peweb.ro\/index.php\/ro\/product\/010-stand-de-plante-cu-4-niveluri-hugo\/","title":{"rendered":"010 &#8211; Stand de plante cu 4 niveluri Hugo"},"content":{"rendered":"","protected":false},"excerpt":{"rendered":"<p>Stand de plante modern pe 4 nivele din o\u021bel acoperit cu pulbere. Acoperirea cu pulbere este foarte rezistent\u0103 la uzur\u0103. Fiecare suport este realizat prin sudare precisa cu mare aten\u021bie la detalii . Calitatea sudurii \u0219i finisajului sunt calitatile ale acestui produs.<br \/>\nSuportul cu 4 niveluri are 4 suprafe\u021be p\u0103trate la diferite \u00een\u0103l\u021bimi pentru a ad\u0103uga dimensiuni \u0219i un aspect minimalist. Standul sustine \u00een siguran\u021b\u0103 plantele , plantele mici \u00een ghivece, plantele botanice, plantele suculente, plantele aeriene, aranjamente florale \u0219i lum\u00e2n\u0103ri. Standul nostru dreptunghiular este realizat pentru decorarea evenimentelor speciale \u0219i pentru via\u021ba de zi cu zi. Utiliza\u021bi pentru culoar de nunt\u0103, spa\u021bii de mas\u0103, aranjamente florale suspendate, decor de terasa, camer\u0103 de zi, decor de intrare \u0219i multe altele. A\u0219eza\u021bi-l l\u00e2ng\u0103 birou, raftul de c\u0103r\u021bi, intrare, cap\u0103t de mas\u0103 sau teras\u0103. Poate fi un cadou grozav pentru iubitorul de plante, \u00eenc\u0103lzirea casei, Ziua Mamei sau Cr\u0103ciunul!<\/p>\n","protected":false},"featured_media":1011,"comment_status":"open","ping_status":"closed","template":"","meta":[],"product_cat":[211],"product_tag":[],"_links":{"self":[{"href":"https:\/\/vairondesign.peweb.ro\/index.php\/wp-json\/wp\/v2\/product\/1010"}],"collection":[{"href":"https:\/\/vairondesign.peweb.ro\/index.php\/wp-json\/wp\/v2\/product"}],"about":[{"href":"https:\/\/vairondesign.peweb.ro\/index.php\/wp-json\/wp\/v2\/types\/product"}],"replies":[{"embeddable":true,"href":"https:\/\/vairondesign.peweb.ro\/index.php\/wp-json\/wp\/v2\/comments?post=1010"}],"wp:featuredmedia":[{"embeddable":true,"href":"https:\/\/vairondesign.peweb.ro\/index.php\/wp-json\/wp\/v2\/media\/1011"}],"wp:attachment":[{"href":"https:\/\/vairondesign.peweb.ro\/index.php\/wp-json\/wp\/v2\/media?parent=1010"}],"wp:term":[{"taxonomy":"product_cat","embeddable":true,"href":"https:\/\/vairondesign.peweb.ro\/index.php\/wp-json\/wp\/v2\/product_cat?post=1010"},{"taxonomy":"product_tag","embeddable":true,"href":"https:\/\/vairondesign.peweb.ro\/index.php\/wp-json\/wp\/v2\/product_tag?post=1010"}],"curies":[{"name":"wp","href":"https:\/\/api.w.org\/{rel}","templated":true}]}}