{"id":152,"date":"2018-03-14T12:02:43","date_gmt":"2018-03-14T12:02:43","guid":{"rendered":"http:\/\/import.getbowtied.com\/theretailerpro\/?page_id=152"},"modified":"2021-07-05T23:25:27","modified_gmt":"2021-07-05T21:25:27","slug":"home-classic-ecommerce","status":"publish","type":"page","link":"https:\/\/vairondesign.peweb.ro\/index.php\/en\/","title":{"rendered":"Home"},"content":{"rendered":"<p>[vc_row full_width=&#8221;stretch_row_content_no_spaces&#8221; css_animation=&#8221;fadeIn&#8221; css=&#8221;.vc_custom_1521030658797{margin-top: 75px !important;margin-bottom: 75px !important;padding-right: 7% !important;padding-left: 7% !important;}&#8221;][vc_column]\r\n\r\n\t\t<div class=\"shortcode_getbowtied_slider swiper-container swiper-69e2248dbb591 \" style=\"height:786px; width: 100%\" data-id=\"69e2248dbb591\">\r\n\t\t\t<div class=\"swiper-wrapper\">\r\n\t\t\t\r\n\r\n\t\t<div class=\"swiper-slide left-align\"\r\n\t\tstyle=\t\"background: #75af77 url(https:\/\/vairondesign.peweb.ro\/wp-content\/uploads\/2021\/05\/IMG_0319.jpg) center center no-repeat ;\r\n\t\t\t\t-webkit-background-size: cover;\r\n\t\t\t\t-moz-background-size: cover;\r\n\t\t\t\t-o-background-size: cover;\r\n\t\t\t\tbackground-size: cover;\r\n\t\t\t\tcolor: #ffffff\">\r\n\t\t\t<div class=\"slider-content\" data-swiper-parallax=\"-1000\">\r\n\t\t\t\t<div class=\"slider-content-wrapper\">\r\n\t\t\t\t\t<p class=\"slide-title\" style=\"font-size:0.8125rem;color:#ffffff;\">New Collection<\/p>\r\n\t\t\t\t\t<h2 class=\"slide-description\" style=\"font-size:2.5rem;color:rgb(255,255,255);\">It's All New, It All Arrived This Week. Latest Collection.<\/h2>\r\n\t\t\t\t\t<a class=\"slide-button\" style=\"border-color:rgb(255,255,255); color:rgb(255,255,255);\" href=\"#\">SHOP NOW<\/a>\r\n\t\t\t\t<\/div>\r\n\t\t\t<\/div>\r\n\t\t<\/div>\r\n\r\n\t\t<div class=\"swiper-slide left-align\"\r\n\t\tstyle=\t\"background: #4e7c50 url(https:\/\/vairondesign.peweb.ro\/wp-content\/uploads\/2021\/05\/183480460_312814333583386_7457555906627371638_n-1.jpg) center center no-repeat ;\r\n\t\t\t\t-webkit-background-size: cover;\r\n\t\t\t\t-moz-background-size: cover;\r\n\t\t\t\t-o-background-size: cover;\r\n\t\t\t\tbackground-size: cover;\r\n\t\t\t\tcolor: #ffffff\">\r\n\t\t\t<div class=\"slider-content\" data-swiper-parallax=\"-1000\">\r\n\t\t\t\t<div class=\"slider-content-wrapper\">\r\n\t\t\t\t\t<p class=\"slide-title\" style=\"font-size:0.8125rem;color:#ffffff;\">New Collection<\/p>\r\n\t\t\t\t\t\r\n\t\t\t\t\t<a class=\"slide-button\" style=\"border-color:rgb(255,255,255); color:rgb(255,255,255);\" href=\"#\">SHOP NOW<\/a>\r\n\t\t\t\t<\/div>\r\n\t\t\t<\/div>\r\n\t\t<\/div>\r\n\r\n\t\t<div class=\"swiper-slide left-align\"\r\n\t\tstyle=\t\"background: #4c774e url(https:\/\/vairondesign.peweb.ro\/wp-content\/uploads\/2021\/05\/IMG_0348.jpg) center center no-repeat ;\r\n\t\t\t\t-webkit-background-size: cover;\r\n\t\t\t\t-moz-background-size: cover;\r\n\t\t\t\t-o-background-size: cover;\r\n\t\t\t\tbackground-size: cover;\r\n\t\t\t\tcolor: #ffffff\">\r\n\t\t\t<div class=\"slider-content\" data-swiper-parallax=\"-1000\">\r\n\t\t\t\t<div class=\"slider-content-wrapper\">\r\n\t\t\t\t\t<p class=\"slide-title\" style=\"font-size:0.8125rem;color:#ffffff;\">New Collection<\/p>\r\n\t\t\t\t\t\r\n\t\t\t\t\t<a class=\"slide-button\" style=\"border-color:rgb(255,255,255); color:rgb(255,255,255);\" href=\"#\">SHOP NOW<\/a>\r\n\t\t\t\t<\/div>\r\n\t\t\t<\/div>\r\n\t\t<\/div>\r\n\t\t\t<\/div><div class=\"quickview-pagination shortcode-slider-pagination\" style=\"color: #ffffff\"><\/div><\/div><style>@media all and (max-width: 768px){.shortcode_getbowtied_slider{ height:586px!important;}} .swiper-pagination-bullet-active:after{ background-color: #ffffff } <\/style>[\/vc_column][\/vc_row][vc_row css=&#8221;.vc_custom_1519815605942{margin-bottom: 75px !important;}&#8221;][vc_column]<div class=\"woocommerce columns-3 \"><ul class=\"products columns-3\">\n\n\n<li class=\"product type-product post-1019 status-publish first instock product_cat-suport-plante has-post-thumbnail sale shipping-taxable purchasable product-type-simple\">\n\n\t\n\t<div class=\"main-container\">\n\n\t\t<div class=\"product_image_wrapper\">\n\n\t\t\t<div class=\"product_badges_wrapper\">\n\t\t\t\t\n\t<span class=\"onsale\">Sale!<\/span>\n\t\t\t\t<\/div>\n\n\t\t\t\n\t\t\t<div class=\"product_image \">\n\t\t\t\t<a href=\"https:\/\/vairondesign.peweb.ro\/index.php\/ro\/product\/001-ghiveci-cu-suport-aldo-s\/\">\n\t\t\t\t\t\t\t\t\t\t<img width=\"330\" height=\"413\" src=\"https:\/\/vairondesign.peweb.ro\/wp-content\/uploads\/2021\/05\/IMG_6679-330x413.jpg\" class=\"attachment-woocommerce_thumbnail size-woocommerce_thumbnail\" alt=\"\" loading=\"lazy\" \/>\t\t\t\t<\/a>\n\t\t\t<\/div>\n\n\t\t<\/div>\n\n\t\t<div class=\"second-container\">\n\n\t\t\t<div class=\"product_info\">\n\t\t\t\t\t\t\t\t<a href=\"https:\/\/vairondesign.peweb.ro\/index.php\/ro\/product\/001-ghiveci-cu-suport-aldo-s\/\" class=\"title\"><\/a>\n\t\t\t\t\t\t\t<\/div>\n\n\t\t\t<div class=\"buttons\">\n\t\t\t\t\t\t\t\t\n\t\t\t<a href=\"#\" class=\"getbowtied_product_quick_view_button\" data-product_id=\"1019\" rel=\"nofollow\">\n\t\t\t\t<span class=\"tooltip\">Quick View<\/span>\n\t\t\t<\/a>\n\t\t\t\t\t\t<a href=\"?add-to-cart=1019\" data-quantity=\"1\" class=\"button product_type_simple add_to_cart_button ajax_add_to_cart\" data-product_id=\"1019\" data-product_sku=\"wp-pennant\" aria-label=\"&ldquo;001 -  Ghiveci cu suport Aldo S&rdquo; kos\u00e1rba helyez\u00e9se\" rel=\"nofollow\"><span class=\"tooltip\">Kos\u00e1rba teszem<\/span><\/a>\t\t\t<\/div>\n\n\t\t<\/div>\n\n\t<\/div>\n\n\t\n<\/li>\n\n\n<li class=\"product type-product post-270 status-publish instock product_cat-planter-with-stand has-post-thumbnail sale shipping-taxable purchasable product-type-simple\">\n\n\t\n\t<div class=\"main-container\">\n\n\t\t<div class=\"product_image_wrapper\">\n\n\t\t\t<div class=\"product_badges_wrapper\">\n\t\t\t\t\n\t<span class=\"onsale\">Sale!<\/span>\n\t\t\t\t<\/div>\n\n\t\t\t\n\t\t\t<div class=\"product_image \">\n\t\t\t\t<a href=\"https:\/\/vairondesign.peweb.ro\/index.php\/en\/product\/001-aldo-s\/\">\n\t\t\t\t\t\t\t\t\t\t<img width=\"330\" height=\"413\" src=\"https:\/\/vairondesign.peweb.ro\/wp-content\/uploads\/2021\/05\/IMG_6679-330x413.jpg\" class=\"attachment-woocommerce_thumbnail size-woocommerce_thumbnail\" alt=\"\" loading=\"lazy\" \/>\t\t\t\t<\/a>\n\t\t\t<\/div>\n\n\t\t<\/div>\n\n\t\t<div class=\"second-container\">\n\n\t\t\t<div class=\"product_info\">\n\t\t\t\t\t\t\t\t<a href=\"https:\/\/vairondesign.peweb.ro\/index.php\/en\/product\/001-aldo-s\/\" class=\"title\"><\/a>\n\t\t\t\t\t\t\t<\/div>\n\n\t\t\t<div class=\"buttons\">\n\t\t\t\t\t\t\t\t\n\t\t\t<a href=\"#\" class=\"getbowtied_product_quick_view_button\" data-product_id=\"270\" rel=\"nofollow\">\n\t\t\t\t<span class=\"tooltip\">Quick View<\/span>\n\t\t\t<\/a>\n\t\t\t\t\t\t<a href=\"?add-to-cart=270\" data-quantity=\"1\" class=\"button product_type_simple add_to_cart_button ajax_add_to_cart\" data-product_id=\"270\" data-product_sku=\"wp-pennant\" aria-label=\"&ldquo;001 - Aldo S Planter with stand&rdquo; kos\u00e1rba helyez\u00e9se\" rel=\"nofollow\"><span class=\"tooltip\">Kos\u00e1rba teszem<\/span><\/a>\t\t\t<\/div>\n\n\t\t<\/div>\n\n\t<\/div>\n\n\t\n<\/li>\n\n\n<li class=\"product type-product post-1031 status-publish last instock product_cat-viragtarto-allvany has-post-thumbnail sale shipping-taxable purchasable product-type-simple\">\n\n\t\n\t<div class=\"main-container\">\n\n\t\t<div class=\"product_image_wrapper\">\n\n\t\t\t<div class=\"product_badges_wrapper\">\n\t\t\t\t\n\t<span class=\"onsale\">Sale!<\/span>\n\t\t\t\t<\/div>\n\n\t\t\t\n\t\t\t<div class=\"product_image \">\n\t\t\t\t<a href=\"https:\/\/vairondesign.peweb.ro\/index.php\/hu\/product\/001-aldo-s-viragtarto-allvany\/\">\n\t\t\t\t\t\t\t\t\t\t<img width=\"330\" height=\"413\" src=\"https:\/\/vairondesign.peweb.ro\/wp-content\/uploads\/2021\/05\/IMG_6679-330x413.jpg\" class=\"attachment-woocommerce_thumbnail size-woocommerce_thumbnail\" alt=\"\" loading=\"lazy\" \/>\t\t\t\t<\/a>\n\t\t\t<\/div>\n\n\t\t<\/div>\n\n\t\t<div class=\"second-container\">\n\n\t\t\t<div class=\"product_info\">\n\t\t\t\t\t\t\t\t<a href=\"https:\/\/vairondesign.peweb.ro\/index.php\/hu\/product\/001-aldo-s-viragtarto-allvany\/\" class=\"title\"><\/a>\n\t\t\t\t\t\t\t<\/div>\n\n\t\t\t<div class=\"buttons\">\n\t\t\t\t\t\t\t\t\n\t\t\t<a href=\"#\" class=\"getbowtied_product_quick_view_button\" data-product_id=\"1031\" rel=\"nofollow\">\n\t\t\t\t<span class=\"tooltip\">Quick View<\/span>\n\t\t\t<\/a>\n\t\t\t\t\t\t<a href=\"?add-to-cart=1031\" data-quantity=\"1\" class=\"button product_type_simple add_to_cart_button ajax_add_to_cart\" data-product_id=\"1031\" data-product_sku=\"wp-pennant\" aria-label=\"&ldquo;001 \u2013 Aldo S vir\u00e1gtart\u00f3 \u00e1llv\u00e1ny&rdquo; kos\u00e1rba helyez\u00e9se\" rel=\"nofollow\"><span class=\"tooltip\">Kos\u00e1rba teszem<\/span><\/a>\t\t\t<\/div>\n\n\t\t<\/div>\n\n\t<\/div>\n\n\t\n<\/li>\n<\/ul>\n<\/div>[vc_column_text css=&#8221;.vc_custom_1519815808223{margin-bottom: 75px !important;}&#8221;]<\/p>\n<h3 style=\"text-align: center;\">Recent Products<\/h3>\n<h6 style=\"text-align: center;\"><span style=\"color: #777777;\">Add our new arrivals to your weekly lineup<\/span><\/h6>\n<p>[\/vc_column_text]<div class=\"woocommerce columns-4 \"><ul class=\"products columns-4\">\n\n\n<li class=\"product type-product post-1019 status-publish first instock product_cat-suport-plante has-post-thumbnail sale shipping-taxable purchasable product-type-simple\">\n\n\t\n\t<div class=\"main-container\">\n\n\t\t<div class=\"product_image_wrapper\">\n\n\t\t\t<div class=\"product_badges_wrapper\">\n\t\t\t\t\n\t<span class=\"onsale\">Sale!<\/span>\n\t\t\t\t<\/div>\n\n\t\t\t\n\t\t\t<div class=\"product_image \">\n\t\t\t\t<a href=\"https:\/\/vairondesign.peweb.ro\/index.php\/ro\/product\/001-ghiveci-cu-suport-aldo-s\/\">\n\t\t\t\t\t\t\t\t\t\t<img width=\"330\" height=\"413\" src=\"https:\/\/vairondesign.peweb.ro\/wp-content\/uploads\/2021\/05\/IMG_6679-330x413.jpg\" class=\"attachment-woocommerce_thumbnail size-woocommerce_thumbnail\" alt=\"\" loading=\"lazy\" \/>\t\t\t\t<\/a>\n\t\t\t<\/div>\n\n\t\t<\/div>\n\n\t\t<div class=\"second-container\">\n\n\t\t\t<div class=\"product_info\">\n\t\t\t\t\t\t\t\t<a href=\"https:\/\/vairondesign.peweb.ro\/index.php\/ro\/product\/001-ghiveci-cu-suport-aldo-s\/\" class=\"title\"><\/a>\n\t\t\t\t\t\t\t<\/div>\n\n\t\t\t<div class=\"buttons\">\n\t\t\t\t\t\t\t\t\n\t\t\t<a href=\"#\" class=\"getbowtied_product_quick_view_button\" data-product_id=\"1019\" rel=\"nofollow\">\n\t\t\t\t<span class=\"tooltip\">Quick View<\/span>\n\t\t\t<\/a>\n\t\t\t\t\t\t<a href=\"?add-to-cart=1019\" data-quantity=\"1\" class=\"button product_type_simple add_to_cart_button ajax_add_to_cart\" data-product_id=\"1019\" data-product_sku=\"wp-pennant\" aria-label=\"&ldquo;001 -  Ghiveci cu suport Aldo S&rdquo; kos\u00e1rba helyez\u00e9se\" rel=\"nofollow\"><span class=\"tooltip\">Kos\u00e1rba teszem<\/span><\/a>\t\t\t<\/div>\n\n\t\t<\/div>\n\n\t<\/div>\n\n\t\n<\/li>\n\n\n<li class=\"product type-product post-270 status-publish instock product_cat-planter-with-stand has-post-thumbnail sale shipping-taxable purchasable product-type-simple\">\n\n\t\n\t<div class=\"main-container\">\n\n\t\t<div class=\"product_image_wrapper\">\n\n\t\t\t<div class=\"product_badges_wrapper\">\n\t\t\t\t\n\t<span class=\"onsale\">Sale!<\/span>\n\t\t\t\t<\/div>\n\n\t\t\t\n\t\t\t<div class=\"product_image \">\n\t\t\t\t<a href=\"https:\/\/vairondesign.peweb.ro\/index.php\/en\/product\/001-aldo-s\/\">\n\t\t\t\t\t\t\t\t\t\t<img width=\"330\" height=\"413\" src=\"https:\/\/vairondesign.peweb.ro\/wp-content\/uploads\/2021\/05\/IMG_6679-330x413.jpg\" class=\"attachment-woocommerce_thumbnail size-woocommerce_thumbnail\" alt=\"\" loading=\"lazy\" \/>\t\t\t\t<\/a>\n\t\t\t<\/div>\n\n\t\t<\/div>\n\n\t\t<div class=\"second-container\">\n\n\t\t\t<div class=\"product_info\">\n\t\t\t\t\t\t\t\t<a href=\"https:\/\/vairondesign.peweb.ro\/index.php\/en\/product\/001-aldo-s\/\" class=\"title\"><\/a>\n\t\t\t\t\t\t\t<\/div>\n\n\t\t\t<div class=\"buttons\">\n\t\t\t\t\t\t\t\t\n\t\t\t<a href=\"#\" class=\"getbowtied_product_quick_view_button\" data-product_id=\"270\" rel=\"nofollow\">\n\t\t\t\t<span class=\"tooltip\">Quick View<\/span>\n\t\t\t<\/a>\n\t\t\t\t\t\t<a href=\"?add-to-cart=270\" data-quantity=\"1\" class=\"button product_type_simple add_to_cart_button ajax_add_to_cart\" data-product_id=\"270\" data-product_sku=\"wp-pennant\" aria-label=\"&ldquo;001 - Aldo S Planter with stand&rdquo; kos\u00e1rba helyez\u00e9se\" rel=\"nofollow\"><span class=\"tooltip\">Kos\u00e1rba teszem<\/span><\/a>\t\t\t<\/div>\n\n\t\t<\/div>\n\n\t<\/div>\n\n\t\n<\/li>\n\n\n<li class=\"product type-product post-1031 status-publish instock product_cat-viragtarto-allvany has-post-thumbnail sale shipping-taxable purchasable product-type-simple\">\n\n\t\n\t<div class=\"main-container\">\n\n\t\t<div class=\"product_image_wrapper\">\n\n\t\t\t<div class=\"product_badges_wrapper\">\n\t\t\t\t\n\t<span class=\"onsale\">Sale!<\/span>\n\t\t\t\t<\/div>\n\n\t\t\t\n\t\t\t<div class=\"product_image \">\n\t\t\t\t<a href=\"https:\/\/vairondesign.peweb.ro\/index.php\/hu\/product\/001-aldo-s-viragtarto-allvany\/\">\n\t\t\t\t\t\t\t\t\t\t<img width=\"330\" height=\"413\" src=\"https:\/\/vairondesign.peweb.ro\/wp-content\/uploads\/2021\/05\/IMG_6679-330x413.jpg\" class=\"attachment-woocommerce_thumbnail size-woocommerce_thumbnail\" alt=\"\" loading=\"lazy\" \/>\t\t\t\t<\/a>\n\t\t\t<\/div>\n\n\t\t<\/div>\n\n\t\t<div class=\"second-container\">\n\n\t\t\t<div class=\"product_info\">\n\t\t\t\t\t\t\t\t<a href=\"https:\/\/vairondesign.peweb.ro\/index.php\/hu\/product\/001-aldo-s-viragtarto-allvany\/\" class=\"title\"><\/a>\n\t\t\t\t\t\t\t<\/div>\n\n\t\t\t<div class=\"buttons\">\n\t\t\t\t\t\t\t\t\n\t\t\t<a href=\"#\" class=\"getbowtied_product_quick_view_button\" data-product_id=\"1031\" rel=\"nofollow\">\n\t\t\t\t<span class=\"tooltip\">Quick View<\/span>\n\t\t\t<\/a>\n\t\t\t\t\t\t<a href=\"?add-to-cart=1031\" data-quantity=\"1\" class=\"button product_type_simple add_to_cart_button ajax_add_to_cart\" data-product_id=\"1031\" data-product_sku=\"wp-pennant\" aria-label=\"&ldquo;001 \u2013 Aldo S vir\u00e1gtart\u00f3 \u00e1llv\u00e1ny&rdquo; kos\u00e1rba helyez\u00e9se\" rel=\"nofollow\"><span class=\"tooltip\">Kos\u00e1rba teszem<\/span><\/a>\t\t\t<\/div>\n\n\t\t<\/div>\n\n\t<\/div>\n\n\t\n<\/li>\n\n\n<li class=\"product type-product post-376 status-publish last instock product_cat-planter-with-stand has-post-thumbnail sale shipping-taxable purchasable product-type-simple\">\n\n\t\n\t<div class=\"main-container\">\n\n\t\t<div class=\"product_image_wrapper\">\n\n\t\t\t<div class=\"product_badges_wrapper\">\n\t\t\t\t\n\t<span class=\"onsale\">Sale!<\/span>\n\t\t\t\t<\/div>\n\n\t\t\t\n\t\t\t<div class=\"product_image \">\n\t\t\t\t<a href=\"https:\/\/vairondesign.peweb.ro\/index.php\/en\/product\/002-aldo-m\/\">\n\t\t\t\t\t\t\t\t\t\t<img width=\"330\" height=\"413\" src=\"https:\/\/vairondesign.peweb.ro\/wp-content\/uploads\/2021\/05\/IMG_6697-1-330x413.jpg\" class=\"attachment-woocommerce_thumbnail size-woocommerce_thumbnail\" alt=\"\" loading=\"lazy\" \/>\t\t\t\t<\/a>\n\t\t\t<\/div>\n\n\t\t<\/div>\n\n\t\t<div class=\"second-container\">\n\n\t\t\t<div class=\"product_info\">\n\t\t\t\t\t\t\t\t<a href=\"https:\/\/vairondesign.peweb.ro\/index.php\/en\/product\/002-aldo-m\/\" class=\"title\"><\/a>\n\t\t\t\t\t\t\t<\/div>\n\n\t\t\t<div class=\"buttons\">\n\t\t\t\t\t\t\t\t\n\t\t\t<a href=\"#\" class=\"getbowtied_product_quick_view_button\" data-product_id=\"376\" rel=\"nofollow\">\n\t\t\t\t<span class=\"tooltip\">Quick View<\/span>\n\t\t\t<\/a>\n\t\t\t\t\t\t<a href=\"?add-to-cart=376\" data-quantity=\"1\" class=\"button product_type_simple add_to_cart_button ajax_add_to_cart\" data-product_id=\"376\" data-product_sku=\"\" aria-label=\"&ldquo;002 - Aldo M Planter with stand&rdquo; kos\u00e1rba helyez\u00e9se\" rel=\"nofollow\"><span class=\"tooltip\">Kos\u00e1rba teszem<\/span><\/a>\t\t\t<\/div>\n\n\t\t<\/div>\n\n\t<\/div>\n\n\t\n<\/li>\n<\/ul>\n<\/div>[\/vc_column][\/vc_row][vc_row css=&#8221;.vc_custom_1519815951597{margin-bottom: 0px !important;}&#8221;][vc_column]<div class=\"woocommerce columns-2\"><ul class=\"products columns-2\">\n<li class=\"product-category product first\">\n\t<span class=\"getbowtied-subcategory-image\" style=\"background-image :url(https:\/\/vairondesign.peweb.ro\/wp-content\/themes\/the-hanger\/images\/placeholder.png);\"><\/span>\t\t\t<h2 class=\"woocommerce-loop-category__title\">\n\t\t\t\tKisasztal <mark class=\"count\">5<\/mark>\t\t\t<\/h2>\n\t\t\t<\/li>\n<li class=\"product-category product last\">\n\t<span class=\"getbowtied-subcategory-image\" style=\"background-image :url(https:\/\/vairondesign.peweb.ro\/wp-content\/themes\/the-hanger\/images\/placeholder.png);\"><\/span>\t\t\t<h2 class=\"woocommerce-loop-category__title\">\n\t\t\t\tF\u00fcrd\u0151szoba <mark class=\"count\">7<\/mark>\t\t\t<\/h2>\n\t\t\t<\/li>\n<\/ul>\n<\/div>[\/vc_column][\/vc_row][vc_row css=&#8221;.vc_custom_1519815559522{margin-bottom: 75px !important;}&#8221;][vc_column][\/vc_column][\/vc_row][vc_row css=&#8221;.vc_custom_1519815651149{margin-bottom: 75px !important;}&#8221;][vc_column][vc_column_text]<\/p>\n<h3 style=\"text-align: center;\">If you like black, this is for you!<\/h3>\n<h3 style=\"text-align: center;\">Makes the plant look good.<\/h3>\n<p>[\/vc_column_text][vc_btn title=&#8221;Discover Sales&#8221; style=&#8221;flat&#8221; shape=&#8221;square&#8221; color=&#8221;black&#8221; align=&#8221;center&#8221; link=&#8221;url:%23|||&#8221;][\/vc_column][\/vc_row]<\/p>\n","protected":false},"excerpt":{"rendered":"<p>[vc_row full_width=&#8221;stretch_row_content_no_spaces&#8221; css_animation=&#8221;fadeIn&#8221; css=&#8221;.vc_custom_1521030658797{margin-top: 75px !important;margin-bottom: 75px !important;padding-right: 7% !important;padding-left: 7% !important;}&#8221;][vc_column][\/vc_column][\/vc_row][vc_row css=&#8221;.vc_custom_1519815605942{margin-bottom: 75px !important;}&#8221;][vc_column][vc_column_text css=&#8221;.vc_custom_1519815808223{margin-bottom: 75px !important;}&#8221;] Recent Products\u2026<\/p>\n","protected":false},"author":1,"featured_media":0,"parent":150,"menu_order":0,"comment_status":"closed","ping_status":"closed","template":"","meta":[],"_links":{"self":[{"href":"https:\/\/vairondesign.peweb.ro\/index.php\/wp-json\/wp\/v2\/pages\/152"}],"collection":[{"href":"https:\/\/vairondesign.peweb.ro\/index.php\/wp-json\/wp\/v2\/pages"}],"about":[{"href":"https:\/\/vairondesign.peweb.ro\/index.php\/wp-json\/wp\/v2\/types\/page"}],"author":[{"embeddable":true,"href":"https:\/\/vairondesign.peweb.ro\/index.php\/wp-json\/wp\/v2\/users\/1"}],"replies":[{"embeddable":true,"href":"https:\/\/vairondesign.peweb.ro\/index.php\/wp-json\/wp\/v2\/comments?post=152"}],"version-history":[{"count":0,"href":"https:\/\/vairondesign.peweb.ro\/index.php\/wp-json\/wp\/v2\/pages\/152\/revisions"}],"up":[{"embeddable":true,"href":"https:\/\/vairondesign.peweb.ro\/index.php\/wp-json\/wp\/v2\/pages\/150"}],"wp:attachment":[{"href":"https:\/\/vairondesign.peweb.ro\/index.php\/wp-json\/wp\/v2\/media?parent=152"}],"curies":[{"name":"wp","href":"https:\/\/api.w.org\/{rel}","templated":true}]}}